{"id":6073,"date":"2022-03-05T22:19:40","date_gmt":"2022-03-05T22:19:40","guid":{"rendered":"https:\/\/ongporqueno.com\/2022\/personalizar-cookies\/"},"modified":"2022-03-05T22:19:40","modified_gmt":"2022-03-05T22:19:40","slug":"personalizar-cookies","status":"publish","type":"page","link":"https:\/\/ongporqueno.com\/2022\/personalizar-cookies\/","title":{"rendered":"Personalizar Cookies"},"content":{"rendered":"\n<div>\n      <div id=\"custom-cookies-eu-label\">\n\n        Esta web utiliza cookies propias e de terceiros para o seu correcto funcionamento e para fins anal\u00edticos. Cont\u00e9n enlaces a sitios web de terceiros con pol\u00edticas de privacidade alleas que poder\u00e1s aceptar ou non cando accedas a eles. Ao facer clic no bot\u00f3n Aceptar, aceptas o uso destas tecnolox\u00edas e o tratamento dos teus datos para estes fins. <strong><a href=\"https:\/\/ongporqueno.com\/2022\/personalizar-cookies\/\">Configurar e m\u00e1is informaci\u00f3n<\/a><\/strong>.\n          &nbsp;&nbsp;\n          \n      <\/div>\n\n      <div id=\"custom-cookies-eu-buttons\" class=\"cookies-eu-buttons\">\n        <button id=\"custom-cookies-eu-reject\" class=\"cookies-eu-reject\">Rexeitar<\/button>\n        <button id=\"custom-cookies-eu-accept\" class=\"cookies-eu-accept\">ACEPTAR TODAS LAS COOKIES<\/button><\/div>\n      <\/div>\n\n<br\/>\n<p>\n\tPuedes cambiar tus preferencias de cookies en cualquier momento si vuelves a la p\u00e1gina de Personalizar cookies, a la que puedes acceder a trav\u00e9s del Aviso de cookies. \n<\/p>\n\n<h3>Cookies t\u00e9cnicas<\/h3>\n<p>\n\tSon aquellas que permiten a los usuarios registrados navegar a trav\u00e9s del sitio Web, del \u00e1rea restringida y a utilizar sus diferentes funciones, como por ejemplo, el sistema de comentarios o el buscador y no pueden ser desactivadas.\n<\/p>\n\n<div class=\"custom-cookies-option\">\n  <h3>Cookies de an\u00e1lisis o medici\u00f3n<\/h3>\n  <span>\n    <input type=\"radio\" name=\"cookies-analytics-option\" value=\"true\" class=\"custom-cookies-radio\" data-consent=\"ANLTCS\" id=\"custom-cookies-accept-analytics\" >\n    <label for=\"custom-cookies-accept-analytics\">Activar<\/label>\n    &nbsp;&nbsp;\n    <input type=\"radio\" name=\"cookies-analytics-option\" value=\"false\" class=\"custom-cookies-radio\" data-consent=\"ANLTCS\" id=\"custom-cookies-reject-analytics\" \n    checked>\n    <label for=\"custom-cookies-reject-analytics\">Desactivar<\/label>\n<\/span>\n<\/div>\n\n<p>\n\tSon aquellas que, bien tratadas por el sitio Web o por terceros, permiten cuantificar el n\u00famero de usuarios y as\u00ed realizar la medici\u00f3n y an\u00e1lisis estad\u00edstico de la utilizaci\u00f3n que hacen los usuarios del sitio Web. Para ello se analiza la navegaci\u00f3n que realizas en este sitio Web con el fin de mejorarlo.\n<\/p>\n\n<div class=\"custom-cookies-option\">\n  <h3>Cookies sociales<\/h3>\n  <span>\n    <input type=\"radio\" name=\"cookies-social-option\" value=\"true\" class=\"custom-cookies-radio\" data-consent=\"SCLS\" id=\"custom-cookies-accept-social\" \n    >\n    <label for=\"custom-cookies-accept-social\">Activar<\/label>\n    &nbsp;&nbsp;\n    <input type=\"radio\" name=\"cookies-social-option\" value=\"false\" class=\"custom-cookies-radio\" data-consent=\"SCLS\" id=\"custom-cookies-reject-social\" \n    checked>\n    <label for=\"custom-cookies-reject-social\">Desactivar<\/label>\n<\/span>\n<\/div>\n\n<p>\n  Son establecidas por las plataformas de redes sociales para permitir a los usuarios compartir contenido con sus amigos y redes.  \n<\/p>\n\n","protected":false},"excerpt":{"rendered":"<p>Esta web utiliza cookies propias e de terceiros para o seu correcto funcionamento e para fins anal\u00edticos. Cont\u00e9n enlaces a sitios web de terceiros con pol\u00edticas de privacidade alleas que&#8230;<\/p>\n","protected":false},"author":1,"featured_media":0,"parent":0,"menu_order":0,"comment_status":"closed","ping_status":"closed","template":"","meta":{"footnotes":""},"class_list":["post-6073","page","type-page","status-publish"],"yoast_head":"<!-- This site is optimized with the Yoast SEO plugin v27.5 - https:\/\/yoast.com\/product\/yoast-seo-wordpress\/ -->\n<title>Personalizar Cookies - ONG \u00bfPor qu\u00e9 no?<\/title>\n<meta name=\"robots\" content=\"index, follow, max-snippet:-1, max-image-preview:large, max-video-preview:-1\" \/>\n<link rel=\"canonical\" href=\"https:\/\/ongporqueno.com\/2022\/personalizar-cookies\/\" \/>\n<meta property=\"og:locale\" content=\"gl_ES\" \/>\n<meta property=\"og:type\" content=\"article\" \/>\n<meta property=\"og:title\" content=\"Personalizar Cookies - ONG \u00bfPor qu\u00e9 no?\" \/>\n<meta property=\"og:description\" content=\"Esta web utiliza cookies propias e de terceiros para o seu correcto funcionamento e para fins anal\u00edticos. Cont\u00e9n enlaces a sitios web de terceiros con pol\u00edticas de privacidade alleas que...\" \/>\n<meta property=\"og:url\" content=\"https:\/\/ongporqueno.com\/2022\/personalizar-cookies\/\" \/>\n<meta property=\"og:site_name\" content=\"ONG \u00bfPor qu\u00e9 no?\" \/>\n<meta name=\"twitter:card\" content=\"summary_large_image\" \/>\n<script type=\"application\/ld+json\" class=\"yoast-schema-graph\">{\"@context\":\"https:\\\/\\\/schema.org\",\"@graph\":[{\"@type\":\"WebPage\",\"@id\":\"https:\\\/\\\/ongporqueno.com\\\/2022\\\/personalizar-cookies\\\/\",\"url\":\"https:\\\/\\\/ongporqueno.com\\\/2022\\\/personalizar-cookies\\\/\",\"name\":\"Personalizar Cookies - ONG \u00bfPor qu\u00e9 no?\",\"isPartOf\":{\"@id\":\"https:\\\/\\\/ongporqueno.com\\\/2022\\\/#website\"},\"datePublished\":\"2022-03-05T22:19:40+00:00\",\"breadcrumb\":{\"@id\":\"https:\\\/\\\/ongporqueno.com\\\/2022\\\/personalizar-cookies\\\/#breadcrumb\"},\"inLanguage\":\"gl-ES\",\"potentialAction\":[{\"@type\":\"ReadAction\",\"target\":[\"https:\\\/\\\/ongporqueno.com\\\/2022\\\/personalizar-cookies\\\/\"]}]},{\"@type\":\"BreadcrumbList\",\"@id\":\"https:\\\/\\\/ongporqueno.com\\\/2022\\\/personalizar-cookies\\\/#breadcrumb\",\"itemListElement\":[{\"@type\":\"ListItem\",\"position\":1,\"name\":\"Portada\",\"item\":\"https:\\\/\\\/ongporqueno.com\\\/2022\\\/\"},{\"@type\":\"ListItem\",\"position\":2,\"name\":\"Personalizar Cookies\"}]},{\"@type\":\"WebSite\",\"@id\":\"https:\\\/\\\/ongporqueno.com\\\/2022\\\/#website\",\"url\":\"https:\\\/\\\/ongporqueno.com\\\/2022\\\/\",\"name\":\"ONG \u00bfPor qu\u00e9 no?\",\"description\":\"\",\"potentialAction\":[{\"@type\":\"SearchAction\",\"target\":{\"@type\":\"EntryPoint\",\"urlTemplate\":\"https:\\\/\\\/ongporqueno.com\\\/2022\\\/?s={search_term_string}\"},\"query-input\":{\"@type\":\"PropertyValueSpecification\",\"valueRequired\":true,\"valueName\":\"search_term_string\"}}],\"inLanguage\":\"gl-ES\"}]}<\/script>\n<!-- \/ Yoast SEO plugin. -->","yoast_head_json":{"title":"Personalizar Cookies - ONG \u00bfPor qu\u00e9 no?","robots":{"index":"index","follow":"follow","max-snippet":"max-snippet:-1","max-image-preview":"max-image-preview:large","max-video-preview":"max-video-preview:-1"},"canonical":"https:\/\/ongporqueno.com\/2022\/personalizar-cookies\/","og_locale":"gl_ES","og_type":"article","og_title":"Personalizar Cookies - ONG \u00bfPor qu\u00e9 no?","og_description":"Esta web utiliza cookies propias e de terceiros para o seu correcto funcionamento e para fins anal\u00edticos. Cont\u00e9n enlaces a sitios web de terceiros con pol\u00edticas de privacidade alleas que...","og_url":"https:\/\/ongporqueno.com\/2022\/personalizar-cookies\/","og_site_name":"ONG \u00bfPor qu\u00e9 no?","twitter_card":"summary_large_image","schema":{"@context":"https:\/\/schema.org","@graph":[{"@type":"WebPage","@id":"https:\/\/ongporqueno.com\/2022\/personalizar-cookies\/","url":"https:\/\/ongporqueno.com\/2022\/personalizar-cookies\/","name":"Personalizar Cookies - ONG \u00bfPor qu\u00e9 no?","isPartOf":{"@id":"https:\/\/ongporqueno.com\/2022\/#website"},"datePublished":"2022-03-05T22:19:40+00:00","breadcrumb":{"@id":"https:\/\/ongporqueno.com\/2022\/personalizar-cookies\/#breadcrumb"},"inLanguage":"gl-ES","potentialAction":[{"@type":"ReadAction","target":["https:\/\/ongporqueno.com\/2022\/personalizar-cookies\/"]}]},{"@type":"BreadcrumbList","@id":"https:\/\/ongporqueno.com\/2022\/personalizar-cookies\/#breadcrumb","itemListElement":[{"@type":"ListItem","position":1,"name":"Portada","item":"https:\/\/ongporqueno.com\/2022\/"},{"@type":"ListItem","position":2,"name":"Personalizar Cookies"}]},{"@type":"WebSite","@id":"https:\/\/ongporqueno.com\/2022\/#website","url":"https:\/\/ongporqueno.com\/2022\/","name":"ONG \u00bfPor qu\u00e9 no?","description":"","potentialAction":[{"@type":"SearchAction","target":{"@type":"EntryPoint","urlTemplate":"https:\/\/ongporqueno.com\/2022\/?s={search_term_string}"},"query-input":{"@type":"PropertyValueSpecification","valueRequired":true,"valueName":"search_term_string"}}],"inLanguage":"gl-ES"}]}},"_links":{"self":[{"href":"https:\/\/ongporqueno.com\/2022\/wp-json\/wp\/v2\/pages\/6073","targetHints":{"allow":["GET"]}}],"collection":[{"href":"https:\/\/ongporqueno.com\/2022\/wp-json\/wp\/v2\/pages"}],"about":[{"href":"https:\/\/ongporqueno.com\/2022\/wp-json\/wp\/v2\/types\/page"}],"author":[{"embeddable":true,"href":"https:\/\/ongporqueno.com\/2022\/wp-json\/wp\/v2\/users\/1"}],"replies":[{"embeddable":true,"href":"https:\/\/ongporqueno.com\/2022\/wp-json\/wp\/v2\/comments?post=6073"}],"version-history":[{"count":0,"href":"https:\/\/ongporqueno.com\/2022\/wp-json\/wp\/v2\/pages\/6073\/revisions"}],"wp:attachment":[{"href":"https:\/\/ongporqueno.com\/2022\/wp-json\/wp\/v2\/media?parent=6073"}],"curies":[{"name":"wp","href":"https:\/\/api.w.org\/{rel}","templated":true}]}}